{"id":2637,"date":"2025-04-21T17:04:48","date_gmt":"2025-04-21T21:04:48","guid":{"rendered":"https:\/\/tomyriverobeauty.com\/?page_id=2637"},"modified":"2025-06-11T17:48:33","modified_gmt":"2025-06-11T21:48:33","slug":"about","status":"publish","type":"page","link":"https:\/\/tomyriverobeauty.com\/es\/about\/","title":{"rendered":"Sobre m\u00ed"},"content":{"rendered":"<div data-elementor-type=\"wp-page\" data-elementor-id=\"2637\" class=\"elementor elementor-2637\" data-elementor-post-type=\"page\">\n\t\t\t\t<div class=\"elementor-element elementor-element-4ef14729 e-flex e-con-boxed e-con e-parent\" data-id=\"4ef14729\" data-element_type=\"container\" data-e-type=\"container\" data-settings=\"{&quot;background_background&quot;:&quot;classic&quot;}\">\n\t\t\t\t\t<div class=\"e-con-inner\">\n\t\t\t\t<div class=\"elementor-element elementor-element-262e1d6f elementor-widget__width-inherit elementor-invisible elementor-widget elementor-widget-heading\" data-id=\"262e1d6f\" data-element_type=\"widget\" data-e-type=\"widget\" data-settings=\"{&quot;_animation&quot;:&quot;fadeIn&quot;}\" data-widget_type=\"heading.default\">\n\t\t\t\t\t<h2 class=\"elementor-heading-title elementor-size-default\">Tomy Rivero <\/h2>\t\t\t\t<\/div>\n\t\t\t\t\t<\/div>\n\t\t\t\t<\/div>\n\t\t<div class=\"elementor-element elementor-element-2fc07d8 e-flex e-con-boxed e-con e-parent\" data-id=\"2fc07d8\" data-element_type=\"container\" data-e-type=\"container\">\n\t\t\t\t\t<div class=\"e-con-inner\">\n\t\t<div class=\"elementor-element elementor-element-30d161c3 e-con-full elementor-hidden-mobile e-flex elementor-invisible e-con e-child\" data-id=\"30d161c3\" data-element_type=\"container\" data-e-type=\"container\" data-settings=\"{&quot;background_background&quot;:&quot;classic&quot;,&quot;animation&quot;:&quot;fadeIn&quot;}\">\n\t\t\t\t<div class=\"elementor-element elementor-element-4ffa9def elementor-invisible elementor-widget elementor-widget-image\" data-id=\"4ffa9def\" data-element_type=\"widget\" data-e-type=\"widget\" data-settings=\"{&quot;_animation&quot;:&quot;fadeIn&quot;,&quot;_animation_delay&quot;:200}\" data-widget_type=\"image.default\">\n\t\t\t\t\t\t\t\t\t\t\t\t\t\t\t<img fetchpriority=\"high\" decoding=\"async\" data-attachment-id=\"4984\" data-permalink=\"https:\/\/tomyriverobeauty.com\/es\/home-3\/tomy-1\/\" data-orig-file=\"https:\/\/i0.wp.com\/tomyriverobeauty.com\/wp-content\/uploads\/2025\/05\/Tomy-1.png?fit=855%2C1280&amp;ssl=1\" data-orig-size=\"855,1280\" data-comments-opened=\"1\" data-image-meta=\"{&quot;aperture&quot;:&quot;0&quot;,&quot;credit&quot;:&quot;&quot;,&quot;camera&quot;:&quot;&quot;,&quot;caption&quot;:&quot;&quot;,&quot;created_timestamp&quot;:&quot;0&quot;,&quot;copyright&quot;:&quot;&quot;,&quot;focal_length&quot;:&quot;0&quot;,&quot;iso&quot;:&quot;0&quot;,&quot;shutter_speed&quot;:&quot;0&quot;,&quot;title&quot;:&quot;&quot;,&quot;orientation&quot;:&quot;0&quot;}\" data-image-title=\"Tomy-1\" data-image-description=\"\" data-image-caption=\"\" data-large-file=\"https:\/\/i0.wp.com\/tomyriverobeauty.com\/wp-content\/uploads\/2025\/05\/Tomy-1.png?fit=684%2C1024&amp;ssl=1\" width=\"684\" height=\"1024\" src=\"https:\/\/i0.wp.com\/tomyriverobeauty.com\/wp-content\/uploads\/2025\/05\/Tomy-1.png?fit=684%2C1024&amp;ssl=1\" class=\"attachment-large size-large wp-image-4984\" alt=\"\" srcset=\"https:\/\/i0.wp.com\/tomyriverobeauty.com\/wp-content\/uploads\/2025\/05\/Tomy-1.png?w=855&amp;ssl=1 855w, https:\/\/i0.wp.com\/tomyriverobeauty.com\/wp-content\/uploads\/2025\/05\/Tomy-1.png?resize=200%2C300&amp;ssl=1 200w, https:\/\/i0.wp.com\/tomyriverobeauty.com\/wp-content\/uploads\/2025\/05\/Tomy-1.png?resize=684%2C1024&amp;ssl=1 684w, https:\/\/i0.wp.com\/tomyriverobeauty.com\/wp-content\/uploads\/2025\/05\/Tomy-1.png?resize=768%2C1150&amp;ssl=1 768w, https:\/\/i0.wp.com\/tomyriverobeauty.com\/wp-content\/uploads\/2025\/05\/Tomy-1.png?resize=8%2C12&amp;ssl=1 8w\" sizes=\"(max-width: 684px) 100vw, 684px\" \/>\t\t\t\t\t\t\t\t\t\t\t\t\t\t\t<\/div>\n\t\t\t\t<\/div>\n\t\t<div class=\"elementor-element elementor-element-1f187dfb e-con-full e-flex e-con e-child\" data-id=\"1f187dfb\" data-element_type=\"container\" data-e-type=\"container\">\n\t\t\t\t<div class=\"elementor-element elementor-element-94d47a1 elementor-hidden-desktop elementor-hidden-tablet elementor-widget elementor-widget-image\" data-id=\"94d47a1\" data-element_type=\"widget\" data-e-type=\"widget\" data-widget_type=\"image.default\">\n\t\t\t\t\t\t\t\t\t\t\t\t\t\t\t<img decoding=\"async\" data-attachment-id=\"57\" data-permalink=\"https:\/\/tomyriverobeauty.com\/es\/tomy-2\/\" data-orig-file=\"https:\/\/i0.wp.com\/tomyriverobeauty.com\/wp-content\/uploads\/2020\/10\/Tomy-1.png?fit=855%2C1280&amp;ssl=1\" data-orig-size=\"855,1280\" data-comments-opened=\"1\" data-image-meta=\"{&quot;aperture&quot;:&quot;0&quot;,&quot;credit&quot;:&quot;&quot;,&quot;camera&quot;:&quot;&quot;,&quot;caption&quot;:&quot;&quot;,&quot;created_timestamp&quot;:&quot;0&quot;,&quot;copyright&quot;:&quot;&quot;,&quot;focal_length&quot;:&quot;0&quot;,&quot;iso&quot;:&quot;0&quot;,&quot;shutter_speed&quot;:&quot;0&quot;,&quot;title&quot;:&quot;&quot;,&quot;orientation&quot;:&quot;0&quot;}\" data-image-title=\"Tomy\" data-image-description=\"\" data-image-caption=\"\" data-large-file=\"https:\/\/i0.wp.com\/tomyriverobeauty.com\/wp-content\/uploads\/2020\/10\/Tomy-1.png?fit=684%2C1024&amp;ssl=1\" width=\"684\" height=\"1024\" src=\"https:\/\/i0.wp.com\/tomyriverobeauty.com\/wp-content\/uploads\/2020\/10\/Tomy-1.png?fit=684%2C1024&amp;ssl=1\" class=\"attachment-large size-large wp-image-57\" alt=\"\" srcset=\"https:\/\/i0.wp.com\/tomyriverobeauty.com\/wp-content\/uploads\/2020\/10\/Tomy-1.png?w=855&amp;ssl=1 855w, https:\/\/i0.wp.com\/tomyriverobeauty.com\/wp-content\/uploads\/2020\/10\/Tomy-1.png?resize=200%2C300&amp;ssl=1 200w, https:\/\/i0.wp.com\/tomyriverobeauty.com\/wp-content\/uploads\/2020\/10\/Tomy-1.png?resize=684%2C1024&amp;ssl=1 684w, https:\/\/i0.wp.com\/tomyriverobeauty.com\/wp-content\/uploads\/2020\/10\/Tomy-1.png?resize=768%2C1150&amp;ssl=1 768w\" sizes=\"(max-width: 684px) 100vw, 684px\" \/>\t\t\t\t\t\t\t\t\t\t\t\t\t\t\t<\/div>\n\t\t\t\t<div class=\"elementor-element elementor-element-25476d6b elementor-invisible elementor-widget elementor-widget-text-editor\" data-id=\"25476d6b\" data-element_type=\"widget\" data-e-type=\"widget\" data-settings=\"{&quot;_animation&quot;:&quot;fadeIn&quot;,&quot;_animation_delay&quot;:400}\" data-widget_type=\"text-editor.default\">\n\t\t\t\t\t\t\t\t\t<p>Hola, soy Tomy Rivero. Soy un maquillador de celebridades y experto en belleza para cine y televisi\u00f3n, y estoy totalmente obsesionado con todo lo relacionado con la belleza. Viajo por el mundo con mis clientes asesor\u00e1ndolos sobre maquillaje, tratamientos para la piel, u\u00f1as, pesta\u00f1as, \u00a1lo que necesiten, yo lo hago! Por suerte, tengo la oportunidad de aprender todo sobre los \u00faltimos productos, tratamientos y tecnolog\u00edas de los mejores doctores y esteticistas del mundo.<\/p><p>Durante los \u00faltimos 12 a\u00f1os, muchos de los hombres y mujeres que admiras en televisi\u00f3n y revistas me han utilizado como su mejor secreto cuando se trata de su estilo y apariencia. Quiz\u00e1s hayas escuchado la frase \u201cSe necesita un pueblo\u201d \u2014 y es cierto\u2026 Trabajo con artistas incre\u00edblemente talentosos que ahora forman parte de mi equipo en un solo lugar: mi Beauty Lab.<\/p><p>Estoy emocionado de poder compartir contigo todo lo que he aprendido a lo largo de mis a\u00f1os de formaci\u00f3n, prueba y error, y experiencia pr\u00e1ctica con algunos de los clientes m\u00e1s exigentes del mundo.<\/p><p>He desarrollado un men\u00fa de servicios de belleza dise\u00f1ado para ayudarte a verte y sentirte lo mejor posible. Una gran manicura puede cambiar tu estado de \u00e1nimo, un masaje fenomenal puede ayudarte a superar una semana dif\u00edcil, y un facial incluso puede aumentar tu confianza.<\/p><p>Mi fascinaci\u00f3n por la belleza y su poder transformador me llev\u00f3 a descubrir que el autocuidado no es un lujo, sino una necesidad para el \u00e9xito y el bienestar.<\/p><p>Estoy agradecido de poder combinar todo lo que s\u00e9 y contin\u00fao aprendiendo para ofrecer a nuestros clientes un nivel superior de servicios de belleza en Tomy Rivero Beauty Lab.<\/p><p>\u00a1Cuida de ti!<\/p>\t\t\t\t\t\t\t\t<\/div>\n\t\t\t\t<\/div>\n\t\t\t\t\t<\/div>\n\t\t\t\t<\/div>\n\t\t\t\t<\/div>","protected":false},"excerpt":{"rendered":"<p>Tomy Rivero Hey! I&#8217;m Tomy Rivero. I am a celebrity makeup artist and beauty expert for film and television and I&#8217;m totally obsessed with all things beauty. I travel the world with my clients advising them on their makeup, skin treatments, nails, lashes, you name it I do it. Fortunately, I get to try and [&hellip;]<\/p>\n","protected":false},"author":167142748,"featured_media":0,"parent":0,"menu_order":0,"comment_status":"closed","ping_status":"closed","template":"","meta":{"_coblocks_attr":"","_coblocks_dimensions":"","_coblocks_responsive_height":"","_coblocks_accordion_ie_support":"","_crdt_document":"","content-type":"","footnotes":""},"class_list":["post-2637","page","type-page","status-publish","hentry"],"yoast_head":"<!-- This site is optimized with the Yoast SEO plugin v27.4 - https:\/\/yoast.com\/product\/yoast-seo-wordpress\/ -->\n<title>About - Tomy Rivero Beauty - Nail Salon and Spa Washington Heights NYC 10032<\/title>\n<meta name=\"robots\" content=\"index, follow, max-snippet:-1, max-image-preview:large, max-video-preview:-1\" \/>\n<link rel=\"canonical\" href=\"https:\/\/tomyriverobeauty.com\/es\/about\/\" \/>\n<meta property=\"og:locale\" content=\"es_ES\" \/>\n<meta property=\"og:type\" content=\"article\" \/>\n<meta property=\"og:title\" content=\"About - Tomy Rivero Beauty - Nail Salon and Spa Washington Heights NYC 10032\" \/>\n<meta property=\"og:description\" content=\"Tomy Rivero Hey! I&#8217;m Tomy Rivero. I am a celebrity makeup artist and beauty expert for film and television and I&#8217;m totally obsessed with all things beauty. I travel the world with my clients advising them on their makeup, skin treatments, nails, lashes, you name it I do it. Fortunately, I get to try and [&hellip;]\" \/>\n<meta property=\"og:url\" content=\"https:\/\/tomyriverobeauty.com\/es\/about\/\" \/>\n<meta property=\"og:site_name\" content=\"Tomy Rivero Beauty - Nail Salon and Spa Washington Heights NYC 10032\" \/>\n<meta property=\"article:modified_time\" content=\"2025-06-11T21:48:33+00:00\" \/>\n<meta property=\"og:image\" content=\"https:\/\/tomyriverobeauty.com\/wp-content\/uploads\/2025\/05\/Tomy-1-684x1024.png\" \/>\n<meta name=\"twitter:card\" content=\"summary_large_image\" \/>\n<meta name=\"twitter:label1\" content=\"Est. reading time\" \/>\n\t<meta name=\"twitter:data1\" content=\"2 minutos\" \/>\n<script type=\"application\/ld+json\" class=\"yoast-schema-graph\">{\"@context\":\"https:\\\/\\\/schema.org\",\"@graph\":[{\"@type\":\"WebPage\",\"@id\":\"https:\\\/\\\/tomyriverobeauty.com\\\/about\\\/\",\"url\":\"https:\\\/\\\/tomyriverobeauty.com\\\/about\\\/\",\"name\":\"About - Tomy Rivero Beauty - Nail Salon and Spa Washington Heights NYC 10032\",\"isPartOf\":{\"@id\":\"https:\\\/\\\/tomyriverobeauty.com\\\/#website\"},\"primaryImageOfPage\":{\"@id\":\"https:\\\/\\\/tomyriverobeauty.com\\\/about\\\/#primaryimage\"},\"image\":{\"@id\":\"https:\\\/\\\/tomyriverobeauty.com\\\/about\\\/#primaryimage\"},\"thumbnailUrl\":\"https:\\\/\\\/tomyriverobeauty.com\\\/wp-content\\\/uploads\\\/2025\\\/05\\\/Tomy-1-684x1024.png\",\"datePublished\":\"2025-04-21T21:04:48+00:00\",\"dateModified\":\"2025-06-11T21:48:33+00:00\",\"breadcrumb\":{\"@id\":\"https:\\\/\\\/tomyriverobeauty.com\\\/about\\\/#breadcrumb\"},\"inLanguage\":\"es-DO\",\"potentialAction\":[{\"@type\":\"ReadAction\",\"target\":[\"https:\\\/\\\/tomyriverobeauty.com\\\/about\\\/\"]}]},{\"@type\":\"ImageObject\",\"inLanguage\":\"es-DO\",\"@id\":\"https:\\\/\\\/tomyriverobeauty.com\\\/about\\\/#primaryimage\",\"url\":\"https:\\\/\\\/tomyriverobeauty.com\\\/wp-content\\\/uploads\\\/2025\\\/05\\\/Tomy-1-684x1024.png\",\"contentUrl\":\"https:\\\/\\\/tomyriverobeauty.com\\\/wp-content\\\/uploads\\\/2025\\\/05\\\/Tomy-1-684x1024.png\"},{\"@type\":\"BreadcrumbList\",\"@id\":\"https:\\\/\\\/tomyriverobeauty.com\\\/about\\\/#breadcrumb\",\"itemListElement\":[{\"@type\":\"ListItem\",\"position\":1,\"name\":\"Home\",\"item\":\"https:\\\/\\\/tomyriverobeauty.com\\\/\"},{\"@type\":\"ListItem\",\"position\":2,\"name\":\"About\"}]},{\"@type\":\"WebSite\",\"@id\":\"https:\\\/\\\/tomyriverobeauty.com\\\/#website\",\"url\":\"https:\\\/\\\/tomyriverobeauty.com\\\/\",\"name\":\"Tomy Rivero Beauty - Nail Salon and Spa Washington Heights NYC 10032\",\"description\":\"Elevate Your Beauty Experience\",\"publisher\":{\"@id\":\"https:\\\/\\\/tomyriverobeauty.com\\\/#organization\"},\"potentialAction\":[{\"@type\":\"SearchAction\",\"target\":{\"@type\":\"EntryPoint\",\"urlTemplate\":\"https:\\\/\\\/tomyriverobeauty.com\\\/?s={search_term_string}\"},\"query-input\":{\"@type\":\"PropertyValueSpecification\",\"valueRequired\":true,\"valueName\":\"search_term_string\"}}],\"inLanguage\":\"es-DO\"},{\"@type\":\"Organization\",\"@id\":\"https:\\\/\\\/tomyriverobeauty.com\\\/#organization\",\"name\":\"Tomy Rivero Beauty - Nail Salon and Spa Washington Heights NYC 10032\",\"url\":\"https:\\\/\\\/tomyriverobeauty.com\\\/\",\"logo\":{\"@type\":\"ImageObject\",\"inLanguage\":\"es-DO\",\"@id\":\"https:\\\/\\\/tomyriverobeauty.com\\\/#\\\/schema\\\/logo\\\/image\\\/\",\"url\":\"https:\\\/\\\/i0.wp.com\\\/tomyriverobeauty.com\\\/wp-content\\\/uploads\\\/2025\\\/05\\\/cropped-tomy-rivero-beauty-logo-black.png?fit=370%2C100&ssl=1\",\"contentUrl\":\"https:\\\/\\\/i0.wp.com\\\/tomyriverobeauty.com\\\/wp-content\\\/uploads\\\/2025\\\/05\\\/cropped-tomy-rivero-beauty-logo-black.png?fit=370%2C100&ssl=1\",\"width\":370,\"height\":100,\"caption\":\"Tomy Rivero Beauty - Nail Salon and Spa Washington Heights NYC 10032\"},\"image\":{\"@id\":\"https:\\\/\\\/tomyriverobeauty.com\\\/#\\\/schema\\\/logo\\\/image\\\/\"}}]}<\/script>\n<!-- \/ Yoast SEO plugin. -->","yoast_head_json":{"title":"About - Tomy Rivero Beauty - Nail Salon and Spa Washington Heights NYC 10032","robots":{"index":"index","follow":"follow","max-snippet":"max-snippet:-1","max-image-preview":"max-image-preview:large","max-video-preview":"max-video-preview:-1"},"canonical":"https:\/\/tomyriverobeauty.com\/es\/about\/","og_locale":"es_ES","og_type":"article","og_title":"About - Tomy Rivero Beauty - Nail Salon and Spa Washington Heights NYC 10032","og_description":"Tomy Rivero Hey! I&#8217;m Tomy Rivero. I am a celebrity makeup artist and beauty expert for film and television and I&#8217;m totally obsessed with all things beauty. I travel the world with my clients advising them on their makeup, skin treatments, nails, lashes, you name it I do it. Fortunately, I get to try and [&hellip;]","og_url":"https:\/\/tomyriverobeauty.com\/es\/about\/","og_site_name":"Tomy Rivero Beauty - Nail Salon and Spa Washington Heights NYC 10032","article_modified_time":"2025-06-11T21:48:33+00:00","og_image":[{"url":"https:\/\/tomyriverobeauty.com\/wp-content\/uploads\/2025\/05\/Tomy-1-684x1024.png","type":"","width":"","height":""}],"twitter_card":"summary_large_image","twitter_misc":{"Est. reading time":"2 minutos"},"schema":{"@context":"https:\/\/schema.org","@graph":[{"@type":"WebPage","@id":"https:\/\/tomyriverobeauty.com\/about\/","url":"https:\/\/tomyriverobeauty.com\/about\/","name":"About - Tomy Rivero Beauty - Nail Salon and Spa Washington Heights NYC 10032","isPartOf":{"@id":"https:\/\/tomyriverobeauty.com\/#website"},"primaryImageOfPage":{"@id":"https:\/\/tomyriverobeauty.com\/about\/#primaryimage"},"image":{"@id":"https:\/\/tomyriverobeauty.com\/about\/#primaryimage"},"thumbnailUrl":"https:\/\/tomyriverobeauty.com\/wp-content\/uploads\/2025\/05\/Tomy-1-684x1024.png","datePublished":"2025-04-21T21:04:48+00:00","dateModified":"2025-06-11T21:48:33+00:00","breadcrumb":{"@id":"https:\/\/tomyriverobeauty.com\/about\/#breadcrumb"},"inLanguage":"es-DO","potentialAction":[{"@type":"ReadAction","target":["https:\/\/tomyriverobeauty.com\/about\/"]}]},{"@type":"ImageObject","inLanguage":"es-DO","@id":"https:\/\/tomyriverobeauty.com\/about\/#primaryimage","url":"https:\/\/tomyriverobeauty.com\/wp-content\/uploads\/2025\/05\/Tomy-1-684x1024.png","contentUrl":"https:\/\/tomyriverobeauty.com\/wp-content\/uploads\/2025\/05\/Tomy-1-684x1024.png"},{"@type":"BreadcrumbList","@id":"https:\/\/tomyriverobeauty.com\/about\/#breadcrumb","itemListElement":[{"@type":"ListItem","position":1,"name":"Home","item":"https:\/\/tomyriverobeauty.com\/"},{"@type":"ListItem","position":2,"name":"About"}]},{"@type":"WebSite","@id":"https:\/\/tomyriverobeauty.com\/#website","url":"https:\/\/tomyriverobeauty.com\/","name":"Tomy Rivero Beauty - Nail Salon and Spa Washington Heights NYC 10032","description":"Elevate Your Beauty Experience","publisher":{"@id":"https:\/\/tomyriverobeauty.com\/#organization"},"potentialAction":[{"@type":"SearchAction","target":{"@type":"EntryPoint","urlTemplate":"https:\/\/tomyriverobeauty.com\/?s={search_term_string}"},"query-input":{"@type":"PropertyValueSpecification","valueRequired":true,"valueName":"search_term_string"}}],"inLanguage":"es-DO"},{"@type":"Organization","@id":"https:\/\/tomyriverobeauty.com\/#organization","name":"Tomy Rivero Beauty - Nail Salon and Spa Washington Heights NYC 10032","url":"https:\/\/tomyriverobeauty.com\/","logo":{"@type":"ImageObject","inLanguage":"es-DO","@id":"https:\/\/tomyriverobeauty.com\/#\/schema\/logo\/image\/","url":"https:\/\/i0.wp.com\/tomyriverobeauty.com\/wp-content\/uploads\/2025\/05\/cropped-tomy-rivero-beauty-logo-black.png?fit=370%2C100&ssl=1","contentUrl":"https:\/\/i0.wp.com\/tomyriverobeauty.com\/wp-content\/uploads\/2025\/05\/cropped-tomy-rivero-beauty-logo-black.png?fit=370%2C100&ssl=1","width":370,"height":100,"caption":"Tomy Rivero Beauty - Nail Salon and Spa Washington Heights NYC 10032"},"image":{"@id":"https:\/\/tomyriverobeauty.com\/#\/schema\/logo\/image\/"}}]}},"jetpack_shortlink":"https:\/\/wp.me\/PcuoYR-Gx","jetpack_sharing_enabled":true,"_links":{"self":[{"href":"https:\/\/tomyriverobeauty.com\/es\/wp-json\/wp\/v2\/pages\/2637","targetHints":{"allow":["GET"]}}],"collection":[{"href":"https:\/\/tomyriverobeauty.com\/es\/wp-json\/wp\/v2\/pages"}],"about":[{"href":"https:\/\/tomyriverobeauty.com\/es\/wp-json\/wp\/v2\/types\/page"}],"author":[{"embeddable":true,"href":"https:\/\/tomyriverobeauty.com\/es\/wp-json\/wp\/v2\/users\/167142748"}],"replies":[{"embeddable":true,"href":"https:\/\/tomyriverobeauty.com\/es\/wp-json\/wp\/v2\/comments?post=2637"}],"version-history":[{"count":39,"href":"https:\/\/tomyriverobeauty.com\/es\/wp-json\/wp\/v2\/pages\/2637\/revisions"}],"predecessor-version":[{"id":6530,"href":"https:\/\/tomyriverobeauty.com\/es\/wp-json\/wp\/v2\/pages\/2637\/revisions\/6530"}],"wp:attachment":[{"href":"https:\/\/tomyriverobeauty.com\/es\/wp-json\/wp\/v2\/media?parent=2637"}],"curies":[{"name":"wp","href":"https:\/\/api.w.org\/{rel}","templated":true}]}}